{"id":299,"date":"2020-09-30T03:04:47","date_gmt":"2020-09-30T03:04:47","guid":{"rendered":"https:\/\/consorciocaam.com.mx\/?page_id=299"},"modified":"2023-04-30T04:00:10","modified_gmt":"2023-04-30T04:00:10","slug":"projects","status":"publish","type":"page","link":"https:\/\/consorciocaam.com.mx\/?page_id=299","title":{"rendered":"Atracci\u00f3n de Talento"},"content":{"rendered":"\n<div class=\"wp-block-uagb-container uagb-block-e069a88c alignfull uagb-is-root-container\"><div class=\"uagb-container-inner-blocks-wrap\">\n<div class=\"wp-block-uagb-advanced-heading uagb-block-e4aeefb4\"><p class=\"uagb-desc-text\">     <strong>Atracci\u00f3n de Talento<\/strong><\/p><\/div>\n<\/div><\/div>\n\n\n\n<div class=\"wp-block-uagb-container uagb-block-0b43b91a alignfull uagb-is-root-container\"><div class=\"uagb-container-inner-blocks-wrap\">\n<div class=\"wp-block-uagb-container uagb-block-99a31128 alignfull uagb-is-root-container\"><div class=\"uagb-container-inner-blocks-wrap\">\n<div class=\"wp-block-uagb-container uagb-block-977f7573\">\n<div class=\"wp-block-uagb-advanced-heading uagb-block-c8289372\"><h6 class=\"uagb-heading-text\">S\u00e9 parte de nuestro equipo <\/h6><\/div>\n\n\n\n<div class=\"wp-block-uagb-advanced-heading uagb-block-223746a9\"><h2 class=\"uagb-heading-text\">Agentes CAAM<\/h2><\/div>\n\n\n\n<div class=\"wp-block-uagb-info-box uagb-block-669fc39d uagb-infobox__content-wrap  uagb-infobox-icon-left-title uagb-infobox-left uagb-infobox-image-valign-middle\"><div class=\"uagb-ifb-content\"><div class=\"uagb-ifb-left-title-image\"><div class=\"uagb-ifb-icon-wrap\"><svg xmlns=\"https:\/\/www.w3.org\/2000\/svg\" viewBox=\"0 0 384 512\"><path d=\"M168.3 499.2C116.1 435 0 279.4 0 192C0 85.96 85.96 0 192 0C298 0 384 85.96 384 192C384 279.4 267 435 215.7 499.2C203.4 514.5 180.6 514.5 168.3 499.2H168.3zM192 256C227.3 256 256 227.3 256 192C256 156.7 227.3 128 192 128C156.7 128 128 156.7 128 192C128 227.3 156.7 256 192 256z\"><\/path><\/svg><\/div><div class=\"uagb-ifb-title-wrap\"><p class=\"uagb-ifb-title\">Santa F\u00e9, Ciudad de M\u00e9xico<\/p><\/div><\/div><\/div><\/div>\n<\/div>\n\n\n\n<div class=\"wp-block-uagb-container uagb-block-d11826cd\">\n<div class=\"wp-block-uagb-advanced-heading uagb-block-0ddcd72f\"><p class=\"uagb-heading-text\">Eres un Agente Profesional con c\u00e9dula o quieres iniciar tu carrera en el campo de los Seguros? Algunos de los beneficios que puedes lograr son:<\/p><\/div>\n<\/div>\n\n\n\n<div class=\"wp-block-uagb-container uagb-block-f2673d48\">\n<div class=\"wp-block-uagb-icon-list uagb-block-5444836a\"><div class=\"uagb-icon-list__wrap\">\n<div class=\"wp-block-uagb-icon-list-child uagb-block-364157ef\"><span class=\"uagb-icon-list__source-wrap\"><svg xmlns=\"https:\/\/www.w3.org\/2000\/svg\" viewBox=\"0 0 512 512\"><path d=\"M0 256C0 114.6 114.6 0 256 0C397.4 0 512 114.6 512 256C512 397.4 397.4 512 256 512C114.6 512 0 397.4 0 256zM371.8 211.8C382.7 200.9 382.7 183.1 371.8 172.2C360.9 161.3 343.1 161.3 332.2 172.2L224 280.4L179.8 236.2C168.9 225.3 151.1 225.3 140.2 236.2C129.3 247.1 129.3 264.9 140.2 275.8L204.2 339.8C215.1 350.7 232.9 350.7 243.8 339.8L371.8 211.8z\"><\/path><\/svg><\/span><span class=\"uagb-icon-list__label\">Comisiones competitivas\u200b<\/span><\/div>\n\n\n\n<div class=\"wp-block-uagb-icon-list-child uagb-block-a08c775b\"><span class=\"uagb-icon-list__source-wrap\"><svg xmlns=\"https:\/\/www.w3.org\/2000\/svg\" viewBox=\"0 0 512 512\"><path d=\"M0 256C0 114.6 114.6 0 256 0C397.4 0 512 114.6 512 256C512 397.4 397.4 512 256 512C114.6 512 0 397.4 0 256zM371.8 211.8C382.7 200.9 382.7 183.1 371.8 172.2C360.9 161.3 343.1 161.3 332.2 172.2L224 280.4L179.8 236.2C168.9 225.3 151.1 225.3 140.2 236.2C129.3 247.1 129.3 264.9 140.2 275.8L204.2 339.8C215.1 350.7 232.9 350.7 243.8 339.8L371.8 211.8z\"><\/path><\/svg><\/span><span class=\"uagb-icon-list__label\">Premios y bonos\u200b<\/span><\/div>\n\n\n\n<div class=\"wp-block-uagb-icon-list-child uagb-block-2315a3a6\"><span class=\"uagb-icon-list__source-wrap\"><svg xmlns=\"https:\/\/www.w3.org\/2000\/svg\" viewBox=\"0 0 512 512\"><path d=\"M0 256C0 114.6 114.6 0 256 0C397.4 0 512 114.6 512 256C512 397.4 397.4 512 256 512C114.6 512 0 397.4 0 256zM371.8 211.8C382.7 200.9 382.7 183.1 371.8 172.2C360.9 161.3 343.1 161.3 332.2 172.2L224 280.4L179.8 236.2C168.9 225.3 151.1 225.3 140.2 236.2C129.3 247.1 129.3 264.9 140.2 275.8L204.2 339.8C215.1 350.7 232.9 350.7 243.8 339.8L371.8 211.8z\"><\/path><\/svg><\/span><span class=\"uagb-icon-list__label\">Convenciones Nacionales e Internacionales\u200b<\/span><\/div>\n\n\n\n<div class=\"wp-block-uagb-icon-list-child uagb-block-6f257467\"><span class=\"uagb-icon-list__source-wrap\"><svg xmlns=\"https:\/\/www.w3.org\/2000\/svg\" viewBox=\"0 0 512 512\"><path d=\"M0 256C0 114.6 114.6 0 256 0C397.4 0 512 114.6 512 256C512 397.4 397.4 512 256 512C114.6 512 0 397.4 0 256zM371.8 211.8C382.7 200.9 382.7 183.1 371.8 172.2C360.9 161.3 343.1 161.3 332.2 172.2L224 280.4L179.8 236.2C168.9 225.3 151.1 225.3 140.2 236.2C129.3 247.1 129.3 264.9 140.2 275.8L204.2 339.8C215.1 350.7 232.9 350.7 243.8 339.8L371.8 211.8z\"><\/path><\/svg><\/span><span class=\"uagb-icon-list__label\">Desarrollo y capacitaci\u00f3n continua\u200b<\/span><\/div>\n<\/div><\/div>\n<\/div>\n<\/div><\/div>\n\n\n\n<div class=\"wp-block-uagb-image uagb-block-08ecc054 wp-block-uagb-image--layout-default wp-block-uagb-image--effect-static wp-block-uagb-image--align-none\"><figure class=\"wp-block-uagb-image__figure\"><img loading=\"lazy\" decoding=\"async\" src=\"https:\/\/consorciocaam.com.mx\/wp-content\/uploads\/2020\/08\/roofing-featured-project.jpg\" alt=\"\" class=\"uag-image-164\" width=\"1200\" height=\"480\" title=\"\" loading=\"lazy\" \/><\/figure><\/div>\n\n\n\n<div class=\"wp-block-uagb-container uagb-block-cad7979c alignwide uagb-is-root-container\">\n<div class=\"wp-block-uagb-container uagb-block-39e087fe\">\n<div class=\"wp-block-uagb-info-box uagb-block-41ba4bcd uagb-infobox__content-wrap  uagb-infobox-icon-above-title uagb-infobox-image-valign-top\"><div class=\"uagb-ifb-content\"><div class=\"uagb-ifb-icon-wrap\"><svg xmlns=\"https:\/\/www.w3.org\/2000\/svg\" viewBox=\"0 0 448 512\"><path d=\"M96 224C84.72 224 74.05 226.3 64 229.9V224c0-35.3 28.7-64 64-64c17.67 0 32-14.33 32-32S145.7 96 128 96C57.42 96 0 153.4 0 224v96c0 53.02 42.98 96 96 96s96-42.98 96-96S149 224 96 224zM352 224c-11.28 0-21.95 2.305-32 5.879V224c0-35.3 28.7-64 64-64c17.67 0 32-14.33 32-32s-14.33-32-32-32c-70.58 0-128 57.42-128 128v96c0 53.02 42.98 96 96 96s96-42.98 96-96S405 224 352 224z\"><\/path><\/svg><\/div><div class=\"uagb-ifb-title-wrap\"><span class=\"uagb-ifb-title-prefix\">Mi experiencia <\/span><p class=\"uagb-ifb-title\">Margarita Castillo<\/p><\/div><p class=\"uagb-ifb-desc\">Agente Profesional de Seguros Consolidado<\/p><\/div><\/div>\n<\/div>\n\n\n\n<div class=\"wp-block-uagb-container uagb-block-e02a2e8e\">\n<div class=\"wp-block-uagb-image uagb-block-8a21f105 wp-block-uagb-image--layout-default wp-block-uagb-image--effect-static wp-block-uagb-image--align-none\"><figure class=\"wp-block-uagb-image__figure\"><img loading=\"lazy\" decoding=\"async\" src=\"https:\/\/consorciocaam.com.mx\/wp-content\/uploads\/2023\/02\/business-finance-businesswoman-3563101-1024x682.jpg\" alt=\"business, finance, businesswoman-3563101.jpg\" class=\"uag-image-1301\" width=\"1024\" height=\"682\" title=\"\" loading=\"lazy\" \/><\/figure><\/div>\n<\/div>\n<\/div>\n<\/div><\/div>\n\n\n\n<div class=\"wp-block-uagb-container uagb-block-0619a03d alignfull uagb-is-root-container\"><div class=\"uagb-container-inner-blocks-wrap\">\n<div class=\"wp-block-uagb-container uagb-block-48d38bbf default uagb-is-root-container\">\n<div class=\"wp-block-uagb-container uagb-block-af172531\">\n<div class=\"wp-block-uagb-advanced-heading uagb-block-ee11aff5\"><p class=\"uagb-heading-text\">Te ofrecemos<\/p><\/div>\n\n\n\n<div class=\"wp-block-uagb-advanced-heading uagb-block-af95210b\"><h3 class=\"uagb-heading-text\">Nuestras fortalezas<\/h3><p class=\"uagb-desc-text\">\u2022Experiencia de 43 a\u00f1os y Compromiso<br>\u2022Experiencia en Reclutamiento y Selecci\u00f3n de Agentes Profesionales<br>\u2022Fortaleza en Capacitaci\u00f3n y Desarrollo de Agentes Profesionales<br>\u2022Fortaleza en Seguimiento y Control de Actividades de los Agentes<br>\u2022Agentes Profesionales Consolidados con Experiencia<br>\u2022Agentes en Desarrollo<br>\u2022Nuestra Marca Competitiva<br>\u2022Portafolio de Productos de Vida Individual diferenciados<br>\u2022Conocimiento de Mercado<br>\u2022Compa\u00f1\u00eda 100% Digital<br>\u2022Nuevo Edificio en Santa Fe<\/p><\/div>\n\n\n\n<p><\/p>\n<\/div>\n\n\n\n<div class=\"wp-block-uagb-container uagb-block-affdff23\">\n<div class=\"wp-block-uagb-container uagb-block-0851b93a\">\n<div class=\"wp-block-uagb-advanced-heading uagb-block-28cd3724\"><p class=\"uagb-heading-text\">&#8220;Lorem ipsum dolor sit amet, consectetur adipiscing elit. Ut elit tellus, luctus nec ullamcorper mattis, pulvinar dapibus leo.&#8221;\u200b<\/p><\/div>\n\n\n\n<div class=\"wp-block-uagb-info-box uagb-block-193e27c3 uagb-infobox__content-wrap  uagb-infobox-icon-left-title uagb-infobox-left uagb-infobox-image-valign-middle\"><div class=\"uagb-ifb-content\"><div class=\"uagb-ifb-left-title-image\"><div class=\"uagb-ifb-image-content\"><img decoding=\"async\" src=\"https:\/\/consorciocaam.com.mx\/wp-content\/uploads\/2020\/08\/roofing-client-3.jpg\" alt=\"\" width=\"\" height=\"0\" loading=\"lazy\" \/><\/div><div class=\"uagb-ifb-title-wrap\"><p class=\"uagb-ifb-title\">Agente nuevo<\/p><\/div><\/div><\/div><\/div>\n<\/div>\n<\/div>\n\n\n\n<p class=\"has-text-align-center has-ast-global-color-1-color has-text-color has-medium-font-size\"><strong>Quiero ser Agente CAAM<\/strong><\/p>\n\n\n<div class=\"wpforms-container wpforms-block\" id=\"wpforms-36\"><form id=\"wpforms-form-36\" class=\"wpforms-validate wpforms-form\" data-formid=\"36\" method=\"post\" enctype=\"multipart\/form-data\" action=\"\/index.php?rest_route=%2Fwp%2Fv2%2Fpages%2F299\" data-token=\"b140b67cf8543c56c2e8774752893704\" data-token-time=\"1776350122\"><noscript class=\"wpforms-error-noscript\">Por favor, activa JavaScript en tu navegador para completar este formulario.<\/noscript><div class=\"wpforms-field-container\"><div id=\"wpforms-36-field_1-container\" class=\"wpforms-field wpforms-field-name\" data-field-id=\"1\"><label class=\"wpforms-field-label wpforms-label-hide\" for=\"wpforms-36-field_1\">Name <span class=\"wpforms-required-label\">*<\/span><\/label><input type=\"text\" id=\"wpforms-36-field_1\" class=\"wpforms-field-large wpforms-field-required\" name=\"wpforms[fields][1]\" placeholder=\"Nombre*\" required><\/div><div id=\"wpforms-36-field_2-container\" class=\"wpforms-field wpforms-field-email\" data-field-id=\"2\"><label class=\"wpforms-field-label wpforms-label-hide\" for=\"wpforms-36-field_2\">Email <span class=\"wpforms-required-label\">*<\/span><\/label><input type=\"email\" id=\"wpforms-36-field_2\" class=\"wpforms-field-large wpforms-field-required\" name=\"wpforms[fields][2]\" placeholder=\"email*\" spellcheck=\"false\" required><\/div><div id=\"wpforms-36-field_3-container\" class=\"wpforms-field wpforms-field-number\" data-field-id=\"3\"><label class=\"wpforms-field-label wpforms-label-hide\" for=\"wpforms-36-field_3\">Numbers<\/label><input type=\"number\" id=\"wpforms-36-field_3\" class=\"wpforms-field-large\" name=\"wpforms[fields][3]\" placeholder=\"Tel\u00e9fono*\" ><\/div><div id=\"wpforms-36-field_5-container\" class=\"wpforms-field wpforms-field-textarea\" data-field-id=\"5\"><label class=\"wpforms-field-label wpforms-label-hide\" for=\"wpforms-36-field_5\">Paragraph Text <span class=\"wpforms-required-label\">*<\/span><\/label><textarea id=\"wpforms-36-field_5\" class=\"wpforms-field-medium wpforms-field-required\" name=\"wpforms[fields][5]\" placeholder=\"Mensaje*\" required><\/textarea><\/div><\/div><!-- .wpforms-field-container --><div class=\"wpforms-submit-container\" ><input type=\"hidden\" name=\"wpforms[id]\" value=\"36\"><input type=\"hidden\" name=\"page_title\" value=\"\"><input type=\"hidden\" name=\"page_url\" value=\"https:\/\/consorciocaam.com.mx\/index.php?rest_route=%2Fwp%2Fv2%2Fpages%2F299\"><button type=\"submit\" name=\"wpforms[submit]\" id=\"wpforms-submit-36\" class=\"wpforms-submit\" data-alt-text=\"Sending...\" data-submit-text=\"Enviar\" aria-live=\"assertive\" value=\"wpforms-submit\">Enviar<\/button><\/div><\/form><\/div>  <!-- .wpforms-container -->\n\n\n<p><\/p>\n<\/div>\n\n\n\n<div class=\"wp-block-uagb-container uagb-block-fad9dc8b default uagb-is-root-container\">\n<div class=\"wp-block-uagb-container uagb-block-4f5cc316\">\n<div class=\"wp-block-columns is-layout-flex wp-container-core-columns-is-layout-28f84493 wp-block-columns-is-layout-flex\">\n<div class=\"wp-block-column is-layout-flow wp-block-column-is-layout-flow\" style=\"flex-basis:100%\">\n<div class=\"wp-block-uagb-image aligncenter uagb-block-3377c8a1 wp-block-uagb-image--layout-default wp-block-uagb-image--effect-static wp-block-uagb-image--align-center\"><figure class=\"wp-block-uagb-image__figure\"><img decoding=\"async\" src=\"https:\/\/consorciocaam.com.mx\/wp-content\/uploads\/2023\/02\/cropped-CAAM-edited-2.png\" alt=\"\" class=\"uag-image-1307\" title=\"\" loading=\"lazy\" \/><\/figure><\/div>\n<\/div>\n<\/div>\n\n\n\n<div class=\"wp-block-uagb-advanced-heading uagb-block-8963fe04\"><p class=\"uagb-heading-text\">Requieres <\/p><\/div>\n\n\n\n<div class=\"wp-block-uagb-advanced-heading uagb-block-43201a7d\"><h3 class=\"uagb-heading-text\">Perfil del Socio Comercial<\/h3><p class=\"uagb-desc-text\">&#8211; Altas expectativas de carrera y desarrollo profesional<br>&#8211; Altas expectativas de reconocimiento e independencia personal<br>&#8211; Alta autoestima y orgullo por su profesi\u00f3n<br>&#8211; Habilidad para relacionarse<br>&#8211; Seguridad y confianza en su persona<br>&#8211; Necesidad de logros superiores<br>&#8211; Profesionista y\/o Carrera trunca<br>&#8211; Edad entre 28 y 55 a\u00f1os<br>&#8211; Preferentemente casado<br>&#8211; Necesidad de Ingresos superiores a $35,000.00<br>&#8211; Que tenga casa preferentemente<br>&#8211; Que tenga auto preferentemente<br>&#8211; Excelente presentaci\u00f3n Personal y apariencia<br>&#8211; Alto sentido de humanidad y hacer el bien a los dem\u00e1s<br>&#8211; Creencia de que sus ingresos provienen de su esfuerzo persona<\/p><\/div>\n<\/div>\n<\/div>\n\n\n\n<div class=\"wp-block-columns is-layout-flex wp-container-core-columns-is-layout-28f84493 wp-block-columns-is-layout-flex\">\n<div class=\"wp-block-column is-layout-flow wp-block-column-is-layout-flow\" style=\"flex-basis:100%\">\n<div class=\"inherit-container-width wp-block-group alignfull has-background is-layout-constrained wp-block-group-is-layout-constrained\" style=\"background-color:#000422\">\n<div class=\"wp-block-columns is-layout-flex wp-container-core-columns-is-layout-28f84493 wp-block-columns-is-layout-flex\">\n<div class=\"wp-block-column is-layout-flow wp-block-column-is-layout-flow\">\n<figure class=\"wp-block-image aligncenter size-full\"><img fetchpriority=\"high\" decoding=\"async\" width=\"600\" height=\"400\" src=\"https:\/\/consorciocaam.com.mx\/wp-content\/uploads\/2023\/02\/CAAM-1-edited.png\" alt=\"\" class=\"wp-image-1268\" srcset=\"https:\/\/consorciocaam.com.mx\/wp-content\/uploads\/2023\/02\/CAAM-1-edited.png 600w, https:\/\/consorciocaam.com.mx\/wp-content\/uploads\/2023\/02\/CAAM-1-edited-300x200.png 300w\" sizes=\"(max-width: 600px) 100vw, 600px\" \/><figcaption class=\"wp-element-caption\"><strong>Apoyando Proyectos de Vida<\/strong><\/figcaption><\/figure>\n<\/div>\n\n\n\n<div class=\"wp-block-column is-layout-flow wp-block-column-is-layout-flow\" style=\"flex-basis:20%\">\n<h4 class=\"has-white-color has-text-color wp-block-heading\"><\/h4>\n\n\n\n<p class=\"has-ast-global-color-5-color has-text-color\">Santa F\u00e9 <\/p>\n\n\n\n<p class=\"has-ast-global-color-5-color has-text-color\">cas@consorciocaam.com.mx<\/p>\n<\/div>\n\n\n\n<div class=\"wp-block-column is-layout-flow wp-block-column-is-layout-flow\" style=\"flex-basis:30%\">\n<h5 class=\"has-text-align-center has-white-color has-text-color wp-block-heading\">Links<\/h5>\n\n\n\n<div class=\"wp-block-columns is-layout-flex wp-container-core-columns-is-layout-28f84493 wp-block-columns-is-layout-flex\">\n<div class=\"wp-block-column is-layout-flow wp-block-column-is-layout-flow\" style=\"flex-basis:45%\">\n<p class=\"has-text-align-center has-ast-global-color-5-color has-text-color has-small-font-size\">Inicio<br>Servicios<br>Agentes<br>Nosotros<br>Contacto<\/p>\n<\/div>\n\n\n\n<div class=\"wp-block-column is-layout-flow wp-block-column-is-layout-flow\" style=\"flex-basis:55%\">\n<p class=\"has-text-align-center has-ast-global-color-5-color has-text-color has-small-font-size\">Vida<br>Gastos M\u00e9dicos<br>Autos<br>Da\u00f1os<br>Atracci\u00f3n de Talento<\/p>\n<\/div>\n<\/div>\n<\/div>\n\n\n\n<div class=\"wp-block-column is-layout-flow wp-block-column-is-layout-flow\">\n<h5 class=\"has-text-align-center has-white-color has-text-color wp-block-heading\">Cotiza<\/h5>\n\n\n\n<p class=\"has-text-align-center has-ast-global-color-5-color has-text-color has-small-font-size\">Cotizaci\u00f3n Vida<br>Cotizaci\u00f3n Gastos M\u00e9dicos<br>Cotizaci\u00f3n Autos<br>Cotizaci\u00f3n Da\u00f1os<\/p>\n<\/div>\n<\/div>\n<\/div>\n<\/div>\n<\/div>\n<\/div><\/div>\n","protected":false},"excerpt":{"rendered":"<p>Atracci\u00f3n de Talento S\u00e9 parte de nuestro equipo Agentes CAAM Eres un Agente Profesional con c\u00e9dula o quieres iniciar tu carrera en el campo de los Seguros? Algunos de los beneficios que puedes lograr son: Te ofrecemos Nuestras fortalezas \u2022Experiencia de 43 a\u00f1os y Compromiso\u2022Experiencia en Reclutamiento y Selecci\u00f3n de Agentes Profesionales\u2022Fortaleza en Capacitaci\u00f3n y [&hellip;]<\/p>\n","protected":false},"author":1,"featured_media":0,"parent":0,"menu_order":0,"comment_status":"closed","ping_status":"closed","template":"","meta":{"_uag_custom_page_level_css":"","site-sidebar-layout":"no-sidebar","site-content-layout":"plain-container","ast-site-content-layout":"","site-content-style":"default","site-sidebar-style":"default","ast-global-header-display":"","ast-banner-title-visibility":"","ast-main-header-display":"","ast-hfb-above-header-display":"","ast-hfb-below-header-display":"","ast-hfb-mobile-header-display":"","site-post-title":"disabled","ast-breadcrumbs-content":"","ast-featured-img":"disabled","footer-sml-layout":"","theme-transparent-header-meta":"enabled","adv-header-id-meta":"","stick-header-meta":"","header-above-stick-meta":"","header-main-stick-meta":"","header-below-stick-meta":"","astra-migrate-meta-layouts":"default","ast-page-background-enabled":"default","ast-page-background-meta":{"desktop":{"background-color":"","background-image":"","background-repeat":"repeat","background-position":"center center","background-size":"auto","background-attachment":"scroll","background-type":"","background-media":"","overlay-type":"","overlay-color":"","overlay-opacity":"","overlay-gradient":""},"tablet":{"background-color":"","background-image":"","background-repeat":"repeat","background-position":"center center","background-size":"auto","background-attachment":"scroll","background-type":"","background-media":"","overlay-type":"","overlay-color":"","overlay-opacity":"","overlay-gradient":""},"mobile":{"background-color":"","background-image":"","background-repeat":"repeat","background-position":"center center","background-size":"auto","background-attachment":"scroll","background-type":"","background-media":"","overlay-type":"","overlay-color":"","overlay-opacity":"","overlay-gradient":""}},"ast-content-background-meta":{"desktop":{"background-color":"var(--ast-global-color-5)","background-image":"","background-repeat":"repeat","background-position":"center center","background-size":"auto","background-attachment":"scroll","background-type":"","background-media":"","overlay-type":"","overlay-color":"","overlay-opacity":"","overlay-gradient":""},"tablet":{"background-color":"var(--ast-global-color-5)","background-image":"","background-repeat":"repeat","background-position":"center center","background-size":"auto","background-attachment":"scroll","background-type":"","background-media":"","overlay-type":"","overlay-color":"","overlay-opacity":"","overlay-gradient":""},"mobile":{"background-color":"var(--ast-global-color-5)","background-image":"","background-repeat":"repeat","background-position":"center center","background-size":"auto","background-attachment":"scroll","background-type":"","background-media":"","overlay-type":"","overlay-color":"","overlay-opacity":"","overlay-gradient":""}},"footnotes":""},"class_list":["post-299","page","type-page","status-publish","hentry"],"uagb_featured_image_src":{"full":false,"thumbnail":false,"medium":false,"medium_large":false,"large":false,"1536x1536":false,"2048x2048":false},"uagb_author_info":{"display_name":"admin","author_link":"https:\/\/consorciocaam.com.mx\/?author=1"},"uagb_comment_info":0,"uagb_excerpt":"Atracci\u00f3n de Talento S\u00e9 parte de nuestro equipo Agentes CAAM Eres un Agente Profesional con c\u00e9dula o quieres iniciar tu carrera en el campo de los Seguros? Algunos de los beneficios que puedes lograr son: Te ofrecemos Nuestras fortalezas \u2022Experiencia de 43 a\u00f1os y Compromiso\u2022Experiencia en Reclutamiento y Selecci\u00f3n de Agentes Profesionales\u2022Fortaleza en Capacitaci\u00f3n y&hellip;","_links":{"self":[{"href":"https:\/\/consorciocaam.com.mx\/index.php?rest_route=\/wp\/v2\/pages\/299","targetHints":{"allow":["GET"]}}],"collection":[{"href":"https:\/\/consorciocaam.com.mx\/index.php?rest_route=\/wp\/v2\/pages"}],"about":[{"href":"https:\/\/consorciocaam.com.mx\/index.php?rest_route=\/wp\/v2\/types\/page"}],"author":[{"embeddable":true,"href":"https:\/\/consorciocaam.com.mx\/index.php?rest_route=\/wp\/v2\/users\/1"}],"replies":[{"embeddable":true,"href":"https:\/\/consorciocaam.com.mx\/index.php?rest_route=%2Fwp%2Fv2%2Fcomments&post=299"}],"version-history":[{"count":17,"href":"https:\/\/consorciocaam.com.mx\/index.php?rest_route=\/wp\/v2\/pages\/299\/revisions"}],"predecessor-version":[{"id":1314,"href":"https:\/\/consorciocaam.com.mx\/index.php?rest_route=\/wp\/v2\/pages\/299\/revisions\/1314"}],"wp:attachment":[{"href":"https:\/\/consorciocaam.com.mx\/index.php?rest_route=%2Fwp%2Fv2%2Fmedia&parent=299"}],"curies":[{"name":"wp","href":"https:\/\/api.w.org\/{rel}","templated":true}]}}